{"id":11242,"date":"2016-09-19T12:44:19","date_gmt":"2016-09-19T02:44:19","guid":{"rendered":"https:\/\/www.premiumnest.com.au\/vi\/?page_id=11242"},"modified":"2016-09-19T12:44:19","modified_gmt":"2016-09-19T02:44:19","slug":"gioi-thieu","status":"publish","type":"page","link":"https:\/\/www.premiumnest.com.au\/vi\/gioi-thieu\/","title":{"rendered":"Gi\u1edbi thi\u1ec7u"},"content":{"rendered":"<p>\u0110\u01b0\u1ee3c th\u00e0nh l\u1eadp v\u00e0o n\u0103m 1994, NaturalNest\u2122 (T\u00ean Giao d\u1ecbch l\u00e0 <strong>Premium Nest <\/strong>\u1edf \u00dac), l\u00e0 m\u1ed9t c\u00f4ng ty n\u1ed5i ti\u1ebfng v\u00e0 \u0111\u00e1ng tin c\u1eady, nh\u00e0 cung c\u1ea5p t\u1ed5 y\u1ebfn ngon nh\u1ea5t to\u00e0n c\u1ea7u. Ch\u00fang t\u00f4i cam k\u1ebft cung c\u1ea5p t\u1ed5 y\u1ebfn ch\u1ea5t l\u01b0\u1ee3ng t\u1ed1t nh\u1ea5t cho th\u1ecb tr\u01b0\u1eddng \u0111\u1ecba ph\u01b0\u01a1ng v\u00e0 \u0111\u1ea3m b\u1ea3o r\u1eb1ng t\u1ea5t c\u1ea3 c\u00e1c s\u1ea3n ph\u1ea9m Premium Nest \u0111\u1ec1u ho\u00e0n to\u00e0n t\u1ef1 nhi\u00ean &#8211; kh\u00f4ng ch\u1ea5t t\u1ea9y tr\u1eafng, kh\u00f4ng nhu\u1ed9m, kh\u00f4ng h\u00f3a ch\u1ea5t v\u00e0 kh\u00f4ng gi\u1ea3 m\u1ea1o.<img decoding=\"async\" class=\"alignright wp-image-9937 size-medium\" src=\"https:\/\/www.premiumnest.com.au\/wp-content\/uploads\/2016\/07\/SSmix1_900x600-4-300x200.jpg\" alt=\"SSmix1_900x600\" width=\"300\" height=\"200\" srcset=\"https:\/\/premiumnest-5c4c.kxcdn.com\/wp-content\/uploads\/2016\/07\/SSmix1_900x600-4-300x200.jpg 300w, https:\/\/premiumnest-5c4c.kxcdn.com\/wp-content\/uploads\/2016\/07\/SSmix1_900x600-4.jpg 900w, https:\/\/premiumnest-5c4c.kxcdn.com\/wp-content\/uploads\/2016\/07\/SSmix1_900x600-4-768x512.jpg 768w, https:\/\/premiumnest-5c4c.kxcdn.com\/wp-content\/uploads\/2016\/07\/SSmix1_900x600-4-150x100.jpg 150w, https:\/\/premiumnest-5c4c.kxcdn.com\/wp-content\/uploads\/2016\/07\/SSmix1_900x600-4-600x400.jpg 600w, https:\/\/premiumnest-5c4c.kxcdn.com\/wp-content\/uploads\/2016\/07\/SSmix1_900x600-4-83x55.jpg 83w, https:\/\/premiumnest-5c4c.kxcdn.com\/wp-content\/uploads\/2016\/07\/SSmix1_900x600-4-800x533.jpg 800w, https:\/\/premiumnest-5c4c.kxcdn.com\/wp-content\/uploads\/2016\/07\/SSmix1_900x600-4-580x387.jpg 580w, https:\/\/premiumnest-5c4c.kxcdn.com\/wp-content\/uploads\/2016\/07\/SSmix1_900x600-4-400x267.jpg 400w\" sizes=\"(max-width: 300px) 100vw, 300px\" \/><\/p>\n<p>Lo\u1ea1i t\u1ed5 y\u1ebfn swiftlet c\u00f3 th\u1ec3 \u0103n \u0111\u01b0\u1ee3c c\u1ee7a Indonesia l\u00e0 m\u1ed9t trong nh\u1eefng lo\u1ea1i ch\u1ea5t l\u01b0\u1ee3ng t\u1ed1t nh\u1ea5t tr\u00ean th\u1ebf gi\u1edbi v\u00e0 \u0111\u00e3 th\u1ed1ng tr\u1ecb th\u1ecb tr\u01b0\u1eddng th\u1ebf gi\u1edbi. N\u00f3 s\u1ed1ng th\u00e0nh b\u1ea7y trong c\u00e1c hang \u0111\u1ed9ng, trong khe \u1edf v\u00e1ch \u0111\u00e1 ho\u1eb7c \u0111\u00f4i khi tr\u00ean m\u1ed9t t\u00f2a nh\u00e0. T\u1ed5 c\u1ee7a ch\u00fang h\u00ecnh d\u1ea5u ngo\u1eb7c, c\u00f3 m\u00e0u tr\u1eafng v\u00e0 trong su\u1ed1t, \u0111\u01b0\u1ee3c l\u00e0m t\u1eeb l\u1edbp n\u01b0\u1edbc b\u1ecdt khi c\u1ee9ng l\u1ea1i g\u1eafn v\u00e0o \u0111\u00e1. N\u00f3 c\u00f3 \u0111\u01b0\u1eddng k\u00ednh kho\u1ea3ng 6 cm v\u00e0 s\u00e2u 1,5 cm, tr\u1ecdng l\u01b0\u1ee3ng kho\u1ea3ng 14 gam.<\/p>\n<p>T\u1ed5 y\u1ebfn \u0103n \u0111\u01b0\u1ee3c s\u1ebd \u0111\u01b0\u1ee3c thu ho\u1ea1ch t\u1eeb c\u00e1c t\u00f2a nh\u00e0 (hay m\u1ed9t s\u1ed1 n\u01a1i g\u1ecdi l\u00e0 nh\u00e0 nu\u00f4i y\u1ebfn), t\u1ed5 y\u1ebfn gi\u00e0u protein v\u00e0 c\u00e1c axit amin, k\u1ebft c\u1ea5u m\u1ec1m nh\u1eb9 h\u01a1n v\u00e0 c\u00f3 kh\u1ea3 n\u0103ng gi\u1eef n\u01b0\u1edbc m\u1ea1nh. V\u00ec th\u1ebf, ch\u00fang t\u00f4i ch\u1ec9 s\u1ea3n xu\u1ea5t t\u1ed5 y\u1ebfn t\u1eeb c\u00e1c t\u00f2a nh\u00e0\/nh\u00e0 nu\u00f4i y\u1ebfn. C\u00f3 ba lo\u1ea1i t\u1ed5 y\u1ebfn swiftlet c\u00f3 th\u1ec3 \u0103n m\u00e0 ch\u00fang t\u00f4i s\u1ea3n xu\u1ea5t ra, \u0111\u00f3 l\u00e0 Y\u1ebfn Huy\u1ebft, Y\u1ebfn Cam v\u00e0 Y\u1ebfn Tr\u1eafng.<\/p>\n<p>V\u1edbi kinh nghi\u1ec7m h\u01a1n 20 n\u0103m, \u0111\u1ed9i ng\u0169 c\u1ee7a ch\u00fang t\u00f4i \u0111\u00e3 \u0111\u00f3ng g\u00f3p \u0111\u00e1ng k\u1ec3 v\u00e0o s\u1ef1 t\u0103ng tr\u01b0\u1edfng v\u00e0 ph\u00e1t tri\u1ec3n c\u1ee7a nh\u1eefng th\u1ef1c ph\u1ea9m l\u00e0nh m\u1ea1nh, \u0111\u1eb7c bi\u1ec7t l\u00e0 c\u00e1c s\u1ea3n ph\u1ea9m t\u1ed5 y\u1ebfn. Ch\u00fang t\u00f4i t\u1ef1 h\u00e0o v\u1ec1 \u0111\u1ed9 tin c\u1eady v\u00e0 t\u00ednh minh b\u1ea1ch trong quy tr\u00ecnh s\u1ea3n xu\u1ea5t c\u1ee7a ch\u00fang t\u00f4i. Ch\u00fang t\u00f4i ph\u1ea5n \u0111\u1ea5u \u0111\u1ec3 n\u00e2ng cao v\u00e0 ti\u1ebfp t\u1ee5c ph\u00e1t tri\u1ec3n th\u00e0nh m\u1ed9t c\u00f4ng ty cung c\u1ea5p c\u00e1c s\u1ea3n ph\u1ea9m ch\u1ea5t l\u01b0\u1ee3ng cao, d\u1ecbch v\u1ee5 kh\u00e1ch h\u00e0ng \u0111\u1eb3ng c\u1ea5p th\u1ebf gi\u1edbi.<\/p>\n<p><strong>L\u1ecbch s\u1eed c\u1ee7a T\u1ed5 y\u1ebfn Swiftlet \u0102n \u0110\u01b0\u1ee3c<\/strong><\/p>\n<p>T\u1ed5 Y\u1ebfn \u0102n \u0110\u01b0\u1ee3c l\u00fac \u0111\u1ea7u \u0111\u01b0\u1ee3c bi\u1ebft \u0111\u1ebfn l\u00e0 T\u1ed5 Y\u1ebfn Swifflet\/Swallow trong nh\u1eefng ng\u00e0y \u0111\u1ea7u \u0111\u01b0\u1ee3c ph\u00e1t hi\u1ec7n trong tri\u1ec1u \u0111\u1ea1i nh\u00e0 \u0110\u01b0\u1eddng (618-907 sau c\u00f4ng nguy\u00ean) \u1edf Trung Qu\u1ed1c kho\u1ea3ng 1500 n\u0103m tr\u01b0\u1edbc. Theo d\u1eef li\u1ec7u l\u1ecbch s\u1eed c\u1ed5 x\u01b0a, trong s\u00e1ch Y H\u1ecdc Trung Qu\u1ed1c c\u1ed5 \u0111i\u1ec3n(\u672c\u8349\u7db1\u76ee) v\u1ec1 th\u1ef1c ph\u1ea9m l\u00e0nh m\u1ea1nh, t\u1ed5 y\u1ebfn swallow \/ swiftlet \u0111\u01b0\u1ee3c nh\u1eadp v\u00e0o Trung Qu\u1ed1c t\u1eeb \u0110\u00f4ng Nam \u00c1 kho\u1ea3ng h\u01a1n 500 n\u0103m tr\u01b0\u1edbc, \u0110\u00f4 \u0110\u1ed1c Cheng Ho (\u912d\u548c) \u0111\u00e3 mang t\u1ed5 chim qu\u00fd t\u1eeb \u0110\u00f4ng Nam \u00c1 d\u00e2ng cho ho\u00e0ng \u0111\u1ebf Trung Qu\u1ed1c. K\u1ec3 t\u1eeb \u0111\u00f3 t\u1ed5 y\u1ebfn \u0111\u01b0\u1ee3c s\u1eed d\u1ee5ng nh\u01b0 truy\u1ec1n th\u1ed1ng c\u1ee7a ho\u00e0ng gia Trung Qu\u1ed1c v\u00e0 c\u00e1c ng\u01b0\u1eddi \u0111\u1eb9p th\u1eddi x\u01b0a \u0111\u1ec3 duy tr\u00ec v\u1ebb \u0111\u1eb9p c\u0169ng nh\u01b0 ch\u0103m s\u00f3c s\u1ee9c kh\u1ecfe c\u01a1 th\u1ec3.<\/p>\n<p><img decoding=\"async\" class=\"size-full wp-image-9975 aligncenter\" src=\"https:\/\/www.premiumnest.com.au\/wp-content\/uploads\/2009\/09\/history-s.jpg\" alt=\"history s\" width=\"600\" height=\"268\" srcset=\"https:\/\/premiumnest-5c4c.kxcdn.com\/wp-content\/uploads\/2009\/09\/history-s.jpg 600w, https:\/\/premiumnest-5c4c.kxcdn.com\/wp-content\/uploads\/2009\/09\/history-s-300x134.jpg 300w, https:\/\/premiumnest-5c4c.kxcdn.com\/wp-content\/uploads\/2009\/09\/history-s-150x67.jpg 150w, https:\/\/premiumnest-5c4c.kxcdn.com\/wp-content\/uploads\/2009\/09\/history-s-580x259.jpg 580w\" sizes=\"(max-width: 600px) 100vw, 600px\" \/><\/p>\n<p>T\u1eeb ki\u1ec7t t\u00e1c v\u0103n h\u1ecdc c\u1ed5 \u0111i\u1ec3n \u2013 n\u1eef ch\u00ednh L\u00e2m \u0110\u1ea1i Ng\u1ecdc (\u6797\u9edb\u7389) cho \u0111\u1ebfn Th\u00e1i h\u1eadu T\u1eeb Hi quy\u1ebfn r\u0169 (\u6148\u79a7) v\u00e0 th\u1eadm ch\u00ed Ho\u00e0ng \u0111\u1ebf C\u00e0n Long vi h\u00e0nh n\u1ed5i ti\u1ebfng (\u4e7e\u9686) c\u1ee7a tri\u1ec1u \u0111\u1ea1i nh\u00e0 Thanh \u0111\u1ec1u \u0111\u01b0\u1ee3c bi\u1ebft \u0111\u1ebfn l\u00e0 d\u00f9ng t\u1ed5 y\u1ebfn h\u00e0ng ng\u00e0y \u0111\u1ec3 c\u00f3 l\u1ee3i cho s\u1ee9c kh\u1ecfe v\u00e0 l\u00e0m \u0111\u1eb9p. Trong th\u1ef1c t\u1ebf, Th\u00e1i h\u1eadu T\u1eeb Hi kh\u00f4ng ch\u1ec9 \u0103n m\u1ed9t m\u00e0 \u0111\u1ebfn b\u1ea3y lo\u1ea1i m\u00f3n \u0103n t\u1eeb t\u1ed5 y\u1ebfn cho b\u1eefa s\u00e1ng \u0111\u1ec3 gi\u1eef g\u00ecn s\u1ee9c kh\u1ecfe v\u00e0 tu\u1ed5i tr\u1ebb c\u1ee7a m\u00ecnh. Ngay c\u1ea3 Ho\u00e0ng \u0111\u1ebf V\u00f5 T\u1eafc Thi\u00ean &#8211; n\u1eef ho\u00e0ng duy nh\u1ea5t trong l\u1ecbch s\u1eed Trung Qu\u1ed1c &#8211; \u0111\u01b0\u1ee3c cho l\u00e0 u\u1ed1ng t\u1ed5 y\u1ebfn \u0111\u1ec3 mang l\u1ea1i l\u1ee3i \u00edch s\u1eafc \u0111\u1eb9p v\u00e0 s\u1ee9c kh\u1ecfe.<\/p>\n<p><img decoding=\"async\" class=\"aligncenter wp-image-9974 size-full\" src=\"https:\/\/www.premiumnest.com.au\/wp-content\/uploads\/2009\/09\/wu-zhe-tian.jpg\" alt=\"wu zhe tian\" width=\"500\" height=\"272\" srcset=\"https:\/\/premiumnest-5c4c.kxcdn.com\/wp-content\/uploads\/2009\/09\/wu-zhe-tian.jpg 500w, https:\/\/premiumnest-5c4c.kxcdn.com\/wp-content\/uploads\/2009\/09\/wu-zhe-tian-300x163.jpg 300w, https:\/\/premiumnest-5c4c.kxcdn.com\/wp-content\/uploads\/2009\/09\/wu-zhe-tian-150x82.jpg 150w\" sizes=\"(max-width: 500px) 100vw, 500px\" \/><\/p>\n<p>Nh\u1eefng l\u1ee3i \u00edch ch\u1eefa b\u1ec7nh c\u1ee7a t\u1ed5 y\u1ebfn \u0111\u00e3 \u0111\u01b0\u1ee3c ghi l\u1ea1i c\u1ea9n th\u1eadn v\u00ec n\u00f3 \u0111\u00e3 tr\u1edf th\u00e0nh m\u1ed9t m\u00f3n \u0103n cao c\u1ea5p v\u00e0 \u0111\u01b0\u1ee3c c\u00f4ng nh\u1eadn r\u1ed9ng r\u00e3i nh\u01b0 l\u00e0 m\u1ed9t trong b\u1ed1n lo\u1ea1i th\u1ef1c ph\u1ea9m b\u1ed5 d\u01b0\u1ee1ng tuy\u1ec7t v\u1eddi v\u00e0o cu\u1ed1i th\u1eddi nh\u00e0 Minh (1405-1433 sau c\u00f4ng nguy\u00ean) v\u00e0 \u0111\u1ea7u nh\u00e0 Thanh (1644-1911 sau c\u00f4ng nguy\u00ean). Trong kinh \u0111i\u1ec3n y h\u1ecdc Ngu\u1ed3n g\u1ed1c Th\u1ea3o D\u01b0\u1ee3c (\u672c\u8349 \u9022 \u539f), Y\u1ebfn \u0111\u00e3 \u0111\u01b0\u1ee3c li\u1ec7t k\u00ea nh\u01b0 l\u00e0 th\u1ef1c ph\u1ea9m d\u1ec5 d\u00f9ng v\u00e0 \u0111a n\u0103ng nh\u1ea5t v\u00ec &#8220;n\u00f3 d\u01b0\u1ee1ng ph\u1ed5i v\u00e0 ng\u0103n c\u1ea3m l\u1ea1nh v\u00ec n\u00f3 l\u00e0m s\u1ea1ch ng\u1ef1c&#8221;. Do s\u1ef1 khan hi\u1ebfm c\u1ee7a y\u1ebfn, t\u1ed5 y\u1ebfn c\u0169ng \u0111\u01b0\u1ee3c coi l\u00e0 m\u1ed9t minh ch\u1ee9ng c\u1ee7a s\u1ef1 gi\u00e0u c\u00f3 v\u00e0 quy\u1ec1n l\u1ef1c, l\u00e0 m\u1eb7t h\u00e0ng c\u00f3 gi\u00e1 tr\u1ecb cao v\u00e0 uy t\u00edn.<\/p>\n<p>Trong th\u1eddi k\u1ef3 ho\u00e0ng kim c\u1ee7a tri\u1ec1u nh\u00e0 Thanh, ch\u1ec9 c\u00f3 gia \u0111\u00ecnh Ho\u00e0ng \u0111\u1ebf v\u00e0 c\u00e1c quan c\u1ea5p cao c\u00f3 \u0111\u1eb7c quy\u1ec1n d\u00f9ng m\u00f3n \u0103n cao c\u1ea5p n\u00e0y. Sau khi k\u1ef7 nguy\u00ean c\u1ee7a c\u00e1c Ho\u00e0ng \u0111\u1ebf k\u1ebft th\u00fac, nh\u1eefng ng\u01b0\u1eddi d\u00e2n th\u01b0\u1eddng \u0111\u00e3 \u0111\u01b0\u1ee3c bi\u1ebft \u0111\u1ebfn t\u1ed5 y\u1ebfn swallow m\u00e0 gi\u1edd \u0111\u00e2y \u0111\u01b0\u1ee3c g\u1ecdi r\u1ed9ng r\u00e3i l\u00e0 t\u1ed5 y\u1ebfn. K\u1ec3 t\u1eeb \u0111\u00f3, do s\u1ef1 khan hi\u1ebfm v\u00e0 gi\u00e0u gi\u00e1 tr\u1ecb dinh d\u01b0\u1ee1ng c\u0169ng nh\u01b0 gi\u00e1 tr\u1ecb l\u1ecbch s\u1eed, nhu c\u1ea7u v\u00e0 gi\u00e1 c\u1ea3 c\u1ee7a t\u1ed5 y\u1ebfn v\u1eabn gi\u1eef \u1edf m\u1ee9c cao.<\/p>\n<p>T\u1ed5 Y\u1ebfn T\u1ef1 Nhi\u00ean \u1edf \u00dac \u0111\u01b0\u1ee3c nh\u1eadp kh\u1ea9u qua c\u00f4ng ty Natural Global Pty Ltd v\u00e0 ph\u00e2n ph\u1ed1i b\u1edfi Premium Nest.<\/p>\n<div class=\"row\">\u0110\u1ec3 h\u1ecfi gi\u00e1 s\u1ec9 cho T\u1ed5 Y\u1ebfn \u0102n \u0110\u01b0\u1ee3c Cao C\u1ea5p, vui l\u00f2ng li\u00ean h\u1ec7 ch\u00fang t\u00f4i:<\/div>\n<div class=\"row\"><strong>Premium Nest \/ T\u1ed5 Y\u1ebfn T\u1ef1 Nhi\u00ean (<em>ABN:<\/em> 29 153 389 612)<\/strong><br \/>\nPo Box 209<br \/>\nBroadway 2007<br \/>\nNSW &#8211; \u00dac<\/div>\n<div class=\"row\"><\/div>\n<p>&nbsp;<\/p>\n<div class=\"row\"><em>Di \u0111\u1ed9ng:<\/em> +61 412 492 238<br \/>\n<em>\u0110t:<\/em> +61 2 8034 8217<br \/>\n<em>Fax:<\/em> +61 2 8034 8217<br \/>\n<em>Email:<\/em> info@premiumnest.com.au<\/div>\n<p><img decoding=\"async\" src=\"https:\/\/www.premiumnest.com.au\/wp-content\/uploads\/2016\/08\/AustralianPermit.png\" alt=\"Gi\u1ea5y ph\u00e9p nh\u1eadp kh\u1ea9u nguy\u00ean li\u1ec7u \u0111\u00e3 ki\u1ec3m d\u1ecbch\" \/><br \/>\n<img decoding=\"async\" src=\"https:\/\/www.premiumnest.com.au\/wp-content\/uploads\/2016\/07\/HACCP_ISO.png\" alt=\"Ch\u1ee9ng nh\u1eadn HACCP &amp; ISO\" \/><\/p>\n","protected":false},"excerpt":{"rendered":"<p>\u0110\u01b0\u1ee3c th\u00e0nh l\u1eadp v\u00e0o n\u0103m 1994, NaturalNest\u2122 (T\u00ean Giao d\u1ecbch l\u00e0 Premium Nest \u1edf \u00dac), l\u00e0 m\u1ed9t c\u00f4ng ty n\u1ed5i<\/p>\n","protected":false},"author":1,"featured_media":0,"parent":0,"menu_order":0,"comment_status":"closed","ping_status":"closed","template":"","meta":{"ngg_post_thumbnail":0,"footnotes":""},"class_list":["post-11242","page","type-page","status-publish","hentry"],"yoast_head":"<!-- This site is optimized with the Yoast SEO plugin v26.5 - https:\/\/yoast.com\/wordpress\/plugins\/seo\/ -->\n<title>Gi\u1edbi thi\u1ec7u<\/title>\n<meta name=\"robots\" content=\"index, follow, max-snippet:-1, max-image-preview:large, max-video-preview:-1\" \/>\n<link rel=\"canonical\" href=\"https:\/\/www.premiumnest.com.au\/vi\/gioi-thieu\/\" \/>\n<meta property=\"og:locale\" content=\"vi_VN\" \/>\n<meta property=\"og:type\" content=\"article\" \/>\n<meta property=\"og:title\" content=\"Gi\u1edbi thi\u1ec7u\" \/>\n<meta property=\"og:description\" content=\"\u0110\u01b0\u1ee3c th\u00e0nh l\u1eadp v\u00e0o n\u0103m 1994, NaturalNest\u2122 (T\u00ean Giao d\u1ecbch l\u00e0 Premium Nest \u1edf \u00dac), l\u00e0 m\u1ed9t c\u00f4ng ty n\u1ed5i\" \/>\n<meta property=\"og:url\" content=\"https:\/\/www.premiumnest.com.au\/vi\/gioi-thieu\/\" \/>\n<meta property=\"og:site_name\" content=\"Premium Nest\" \/>\n<meta property=\"article:publisher\" content=\"https:\/\/www.facebook.com\/premiumnest\" \/>\n<meta property=\"og:image\" content=\"https:\/\/www.premiumnest.com.au\/wp-content\/uploads\/2016\/07\/SSmix1_900x600-4-300x200.jpg\" \/>\n<meta name=\"twitter:card\" content=\"summary_large_image\" \/>\n<meta name=\"twitter:label1\" content=\"\u01af\u1edbc t\u00ednh th\u1eddi gian \u0111\u1ecdc\" \/>\n\t<meta name=\"twitter:data1\" content=\"6 ph\u00fat\" \/>\n<script type=\"application\/ld+json\" class=\"yoast-schema-graph\">{\"@context\":\"https:\/\/schema.org\",\"@graph\":[{\"@type\":\"WebPage\",\"@id\":\"https:\/\/www.premiumnest.com.au\/vi\/gioi-thieu\/\",\"url\":\"https:\/\/www.premiumnest.com.au\/vi\/gioi-thieu\/\",\"name\":\"Gi\u1edbi thi\u1ec7u\",\"isPartOf\":{\"@id\":\"https:\/\/www.premiumnest.com.au\/vi\/#website\"},\"primaryImageOfPage\":{\"@id\":\"https:\/\/www.premiumnest.com.au\/vi\/gioi-thieu\/#primaryimage\"},\"image\":{\"@id\":\"https:\/\/www.premiumnest.com.au\/vi\/gioi-thieu\/#primaryimage\"},\"thumbnailUrl\":\"https:\/\/www.premiumnest.com.au\/wp-content\/uploads\/2016\/07\/SSmix1_900x600-4-300x200.jpg\",\"datePublished\":\"2016-09-19T02:44:19+00:00\",\"breadcrumb\":{\"@id\":\"https:\/\/www.premiumnest.com.au\/vi\/gioi-thieu\/#breadcrumb\"},\"inLanguage\":\"vi\",\"potentialAction\":[{\"@type\":\"ReadAction\",\"target\":[\"https:\/\/www.premiumnest.com.au\/vi\/gioi-thieu\/\"]}]},{\"@type\":\"ImageObject\",\"inLanguage\":\"vi\",\"@id\":\"https:\/\/www.premiumnest.com.au\/vi\/gioi-thieu\/#primaryimage\",\"url\":\"https:\/\/www.premiumnest.com.au\/wp-content\/uploads\/2016\/07\/SSmix1_900x600-4-300x200.jpg\",\"contentUrl\":\"https:\/\/www.premiumnest.com.au\/wp-content\/uploads\/2016\/07\/SSmix1_900x600-4-300x200.jpg\"},{\"@type\":\"BreadcrumbList\",\"@id\":\"https:\/\/www.premiumnest.com.au\/vi\/gioi-thieu\/#breadcrumb\",\"itemListElement\":[{\"@type\":\"ListItem\",\"position\":1,\"name\":\"Home\",\"item\":\"https:\/\/www.premiumnest.com.au\/vi\/\"},{\"@type\":\"ListItem\",\"position\":2,\"name\":\"Gi\u1edbi thi\u1ec7u\"}]},{\"@type\":\"WebSite\",\"@id\":\"https:\/\/www.premiumnest.com.au\/vi\/#website\",\"url\":\"https:\/\/www.premiumnest.com.au\/vi\/\",\"name\":\"Premium Nest\",\"description\":\"\",\"publisher\":{\"@id\":\"https:\/\/www.premiumnest.com.au\/vi\/#organization\"},\"potentialAction\":[{\"@type\":\"SearchAction\",\"target\":{\"@type\":\"EntryPoint\",\"urlTemplate\":\"https:\/\/www.premiumnest.com.au\/vi\/?s={search_term_string}\"},\"query-input\":{\"@type\":\"PropertyValueSpecification\",\"valueRequired\":true,\"valueName\":\"search_term_string\"}}],\"inLanguage\":\"vi\"},{\"@type\":\"Organization\",\"@id\":\"https:\/\/www.premiumnest.com.au\/vi\/#organization\",\"name\":\"Premium Nest\",\"url\":\"https:\/\/www.premiumnest.com.au\/vi\/\",\"logo\":{\"@type\":\"ImageObject\",\"inLanguage\":\"vi\",\"@id\":\"https:\/\/www.premiumnest.com.au\/vi\/#\/schema\/logo\/image\/\",\"url\":\"https:\/\/premiumnest-5c4c.kxcdn.com\/wp-content\/uploads\/2016\/08\/logo3.png\",\"contentUrl\":\"https:\/\/premiumnest-5c4c.kxcdn.com\/wp-content\/uploads\/2016\/08\/logo3.png\",\"width\":286,\"height\":68,\"caption\":\"Premium Nest\"},\"image\":{\"@id\":\"https:\/\/www.premiumnest.com.au\/vi\/#\/schema\/logo\/image\/\"},\"sameAs\":[\"https:\/\/www.facebook.com\/premiumnest\",\"https:\/\/www.instagram.com\/premiumnestaustralia\/\"]}]}<\/script>\n<!-- \/ Yoast SEO plugin. -->","yoast_head_json":{"title":"Gi\u1edbi thi\u1ec7u","robots":{"index":"index","follow":"follow","max-snippet":"max-snippet:-1","max-image-preview":"max-image-preview:large","max-video-preview":"max-video-preview:-1"},"canonical":"https:\/\/www.premiumnest.com.au\/vi\/gioi-thieu\/","og_locale":"vi_VN","og_type":"article","og_title":"Gi\u1edbi thi\u1ec7u","og_description":"\u0110\u01b0\u1ee3c th\u00e0nh l\u1eadp v\u00e0o n\u0103m 1994, NaturalNest\u2122 (T\u00ean Giao d\u1ecbch l\u00e0 Premium Nest \u1edf \u00dac), l\u00e0 m\u1ed9t c\u00f4ng ty n\u1ed5i","og_url":"https:\/\/www.premiumnest.com.au\/vi\/gioi-thieu\/","og_site_name":"Premium Nest","article_publisher":"https:\/\/www.facebook.com\/premiumnest","og_image":[{"url":"https:\/\/www.premiumnest.com.au\/wp-content\/uploads\/2016\/07\/SSmix1_900x600-4-300x200.jpg","type":"","width":"","height":""}],"twitter_card":"summary_large_image","twitter_misc":{"\u01af\u1edbc t\u00ednh th\u1eddi gian \u0111\u1ecdc":"6 ph\u00fat"},"schema":{"@context":"https:\/\/schema.org","@graph":[{"@type":"WebPage","@id":"https:\/\/www.premiumnest.com.au\/vi\/gioi-thieu\/","url":"https:\/\/www.premiumnest.com.au\/vi\/gioi-thieu\/","name":"Gi\u1edbi thi\u1ec7u","isPartOf":{"@id":"https:\/\/www.premiumnest.com.au\/vi\/#website"},"primaryImageOfPage":{"@id":"https:\/\/www.premiumnest.com.au\/vi\/gioi-thieu\/#primaryimage"},"image":{"@id":"https:\/\/www.premiumnest.com.au\/vi\/gioi-thieu\/#primaryimage"},"thumbnailUrl":"https:\/\/www.premiumnest.com.au\/wp-content\/uploads\/2016\/07\/SSmix1_900x600-4-300x200.jpg","datePublished":"2016-09-19T02:44:19+00:00","breadcrumb":{"@id":"https:\/\/www.premiumnest.com.au\/vi\/gioi-thieu\/#breadcrumb"},"inLanguage":"vi","potentialAction":[{"@type":"ReadAction","target":["https:\/\/www.premiumnest.com.au\/vi\/gioi-thieu\/"]}]},{"@type":"ImageObject","inLanguage":"vi","@id":"https:\/\/www.premiumnest.com.au\/vi\/gioi-thieu\/#primaryimage","url":"https:\/\/www.premiumnest.com.au\/wp-content\/uploads\/2016\/07\/SSmix1_900x600-4-300x200.jpg","contentUrl":"https:\/\/www.premiumnest.com.au\/wp-content\/uploads\/2016\/07\/SSmix1_900x600-4-300x200.jpg"},{"@type":"BreadcrumbList","@id":"https:\/\/www.premiumnest.com.au\/vi\/gioi-thieu\/#breadcrumb","itemListElement":[{"@type":"ListItem","position":1,"name":"Home","item":"https:\/\/www.premiumnest.com.au\/vi\/"},{"@type":"ListItem","position":2,"name":"Gi\u1edbi thi\u1ec7u"}]},{"@type":"WebSite","@id":"https:\/\/www.premiumnest.com.au\/vi\/#website","url":"https:\/\/www.premiumnest.com.au\/vi\/","name":"Premium Nest","description":"","publisher":{"@id":"https:\/\/www.premiumnest.com.au\/vi\/#organization"},"potentialAction":[{"@type":"SearchAction","target":{"@type":"EntryPoint","urlTemplate":"https:\/\/www.premiumnest.com.au\/vi\/?s={search_term_string}"},"query-input":{"@type":"PropertyValueSpecification","valueRequired":true,"valueName":"search_term_string"}}],"inLanguage":"vi"},{"@type":"Organization","@id":"https:\/\/www.premiumnest.com.au\/vi\/#organization","name":"Premium Nest","url":"https:\/\/www.premiumnest.com.au\/vi\/","logo":{"@type":"ImageObject","inLanguage":"vi","@id":"https:\/\/www.premiumnest.com.au\/vi\/#\/schema\/logo\/image\/","url":"https:\/\/premiumnest-5c4c.kxcdn.com\/wp-content\/uploads\/2016\/08\/logo3.png","contentUrl":"https:\/\/premiumnest-5c4c.kxcdn.com\/wp-content\/uploads\/2016\/08\/logo3.png","width":286,"height":68,"caption":"Premium Nest"},"image":{"@id":"https:\/\/www.premiumnest.com.au\/vi\/#\/schema\/logo\/image\/"},"sameAs":["https:\/\/www.facebook.com\/premiumnest","https:\/\/www.instagram.com\/premiumnestaustralia\/"]}]}},"_links":{"self":[{"href":"https:\/\/www.premiumnest.com.au\/vi\/wp-json\/wp\/v2\/pages\/11242","targetHints":{"allow":["GET"]}}],"collection":[{"href":"https:\/\/www.premiumnest.com.au\/vi\/wp-json\/wp\/v2\/pages"}],"about":[{"href":"https:\/\/www.premiumnest.com.au\/vi\/wp-json\/wp\/v2\/types\/page"}],"author":[{"embeddable":true,"href":"https:\/\/www.premiumnest.com.au\/vi\/wp-json\/wp\/v2\/users\/1"}],"replies":[{"embeddable":true,"href":"https:\/\/www.premiumnest.com.au\/vi\/wp-json\/wp\/v2\/comments?post=11242"}],"version-history":[{"count":0,"href":"https:\/\/www.premiumnest.com.au\/vi\/wp-json\/wp\/v2\/pages\/11242\/revisions"}],"wp:attachment":[{"href":"https:\/\/www.premiumnest.com.au\/vi\/wp-json\/wp\/v2\/media?parent=11242"}],"curies":[{"name":"wp","href":"https:\/\/api.w.org\/{rel}","templated":true}]}}